{"id":5016,"date":"2024-11-03T18:48:46","date_gmt":"2024-11-03T17:48:46","guid":{"rendered":"https:\/\/www.bellabianca.at\/members\/?post_type=product&#038;p=5016"},"modified":"2024-12-23T09:46:04","modified_gmt":"2024-12-23T08:46:04","slug":"wandkalender-2025","status":"publish","type":"product","link":"https:\/\/www.bellabianca.at\/members\/produkt\/wandkalender-2025\/","title":{"rendered":"Wandkalender 2025"},"content":{"rendered":"","protected":false},"excerpt":{"rendered":"<p>Starte modisch ins <strong>Jahr 2025<\/strong> mit meinen Wandkalendern in <strong>drei Varianten<\/strong> und <strong>Gr\u00f6\u00dfe A3<\/strong>:<\/p>\n<ul>\n<li>Strumpfhosen im Hochformat<\/li>\n<li>Strumpfhosen im Querformat<\/li>\n<li>Stylische Leggings.<\/li>\n<\/ul>\n<p>Jeden Monat erwartet dich ein neues Motiv \u2013 ideal f\u00fcr alle, die Stil und Qualit\u00e4t sch\u00e4tzen. W\u00e4hle deine Lieblingsversion und bring frischen Look an deine Wand!<\/p>\n","protected":false},"featured_media":5027,"comment_status":"open","ping_status":"closed","template":"","meta":{"pmpro_default_level":""},"product_brand":[],"product_cat":[94],"product_tag":[98,99],"class_list":{"0":"post-5016","1":"product","2":"type-product","3":"status-publish","4":"has-post-thumbnail","6":"product_cat-kalender","7":"product_tag-kalender","8":"product_tag-wandkalender","9":"pmpro-has-access","10":"it-has-gallery","12":"first","13":"instock","14":"shipping-taxable","15":"purchasable","16":"product-type-variable"},"_links":{"self":[{"href":"https:\/\/www.bellabianca.at\/members\/wp-json\/wp\/v2\/product\/5016","targetHints":{"allow":["GET"]}}],"collection":[{"href":"https:\/\/www.bellabianca.at\/members\/wp-json\/wp\/v2\/product"}],"about":[{"href":"https:\/\/www.bellabianca.at\/members\/wp-json\/wp\/v2\/types\/product"}],"replies":[{"embeddable":true,"href":"https:\/\/www.bellabianca.at\/members\/wp-json\/wp\/v2\/comments?post=5016"}],"version-history":[{"count":3,"href":"https:\/\/www.bellabianca.at\/members\/wp-json\/wp\/v2\/product\/5016\/revisions"}],"predecessor-version":[{"id":5045,"href":"https:\/\/www.bellabianca.at\/members\/wp-json\/wp\/v2\/product\/5016\/revisions\/5045"}],"wp:featuredmedia":[{"embeddable":true,"href":"https:\/\/www.bellabianca.at\/members\/wp-json\/wp\/v2\/media\/5027"}],"wp:attachment":[{"href":"https:\/\/www.bellabianca.at\/members\/wp-json\/wp\/v2\/media?parent=5016"}],"wp:term":[{"taxonomy":"product_brand","embeddable":true,"href":"https:\/\/www.bellabianca.at\/members\/wp-json\/wp\/v2\/product_brand?post=5016"},{"taxonomy":"product_cat","embeddable":true,"href":"https:\/\/www.bellabianca.at\/members\/wp-json\/wp\/v2\/product_cat?post=5016"},{"taxonomy":"product_tag","embeddable":true,"href":"https:\/\/www.bellabianca.at\/members\/wp-json\/wp\/v2\/product_tag?post=5016"}],"curies":[{"name":"wp","href":"https:\/\/api.w.org\/{rel}","templated":true}]}}