{"id":2284,"date":"2022-03-20T13:28:24","date_gmt":"2022-03-20T12:28:24","guid":{"rendered":"https:\/\/www.bellabianca.at\/members\/?post_type=product&#038;p=2284"},"modified":"2022-03-20T13:33:24","modified_gmt":"2022-03-20T12:33:24","slug":"set-050","status":"publish","type":"product","link":"https:\/\/www.bellabianca.at\/members\/produkt\/set-050\/","title":{"rendered":"Set 050"},"content":{"rendered":"<p><img fetchpriority=\"high\" decoding=\"async\" class=\"alignnone size-full wp-image-2285\" src=\"https:\/\/www.bellabianca.at\/members\/wp-content\/uploads\/2022\/03\/050-tile.jpg\" alt=\"\" width=\"1200\" height=\"964\" srcset=\"https:\/\/www.bellabianca.at\/members\/wp-content\/uploads\/2022\/03\/050-tile.jpg 1200w, https:\/\/www.bellabianca.at\/members\/wp-content\/uploads\/2022\/03\/050-tile-300x241.jpg 300w, https:\/\/www.bellabianca.at\/members\/wp-content\/uploads\/2022\/03\/050-tile-768x617.jpg 768w\" sizes=\"(max-width: 1200px) 100vw, 1200px\" \/><\/p>\n","protected":false},"excerpt":{"rendered":"<p>in meinem schwarzen, gl\u00e4nzenden Body und einer wei\u00dfen, gl\u00e4nzenden Lycra-Strumpfhose<\/p>\n<ul>\n<li>19 pics<\/li>\n<li>Download via Google Drive<\/li>\n<\/ul>\n","protected":false},"featured_media":2287,"comment_status":"closed","ping_status":"closed","template":"","meta":{"pmpro_default_level":""},"product_brand":[],"product_cat":[46,17,35,29,31,74],"product_tag":[47,33,34,39,75],"class_list":{"0":"post-2284","1":"product","2":"type-product","3":"status-publish","4":"has-post-thumbnail","6":"product_cat-body","7":"product_cat-download-sets","8":"product_cat-glaenzende-strumpfhose","9":"product_cat-shooting-sets","10":"product_cat-strumpfhose-ohne-muster","11":"product_cat-weisse-strumpfhose","12":"product_tag-body","13":"product_tag-no-shoes","14":"product_tag-pantyhose","15":"product_tag-shiny","16":"product_tag-white","17":"product_shipping_class-digital-download","18":"pmpro-has-access","19":"it-has-gallery","21":"first","22":"instock","23":"downloadable","24":"virtual","25":"sold-individually","26":"purchasable","27":"product-type-simple"},"_links":{"self":[{"href":"https:\/\/www.bellabianca.at\/members\/wp-json\/wp\/v2\/product\/2284","targetHints":{"allow":["GET"]}}],"collection":[{"href":"https:\/\/www.bellabianca.at\/members\/wp-json\/wp\/v2\/product"}],"about":[{"href":"https:\/\/www.bellabianca.at\/members\/wp-json\/wp\/v2\/types\/product"}],"replies":[{"embeddable":true,"href":"https:\/\/www.bellabianca.at\/members\/wp-json\/wp\/v2\/comments?post=2284"}],"version-history":[{"count":1,"href":"https:\/\/www.bellabianca.at\/members\/wp-json\/wp\/v2\/product\/2284\/revisions"}],"predecessor-version":[{"id":2289,"href":"https:\/\/www.bellabianca.at\/members\/wp-json\/wp\/v2\/product\/2284\/revisions\/2289"}],"wp:featuredmedia":[{"embeddable":true,"href":"https:\/\/www.bellabianca.at\/members\/wp-json\/wp\/v2\/media\/2287"}],"wp:attachment":[{"href":"https:\/\/www.bellabianca.at\/members\/wp-json\/wp\/v2\/media?parent=2284"}],"wp:term":[{"taxonomy":"product_brand","embeddable":true,"href":"https:\/\/www.bellabianca.at\/members\/wp-json\/wp\/v2\/product_brand?post=2284"},{"taxonomy":"product_cat","embeddable":true,"href":"https:\/\/www.bellabianca.at\/members\/wp-json\/wp\/v2\/product_cat?post=2284"},{"taxonomy":"product_tag","embeddable":true,"href":"https:\/\/www.bellabianca.at\/members\/wp-json\/wp\/v2\/product_tag?post=2284"}],"curies":[{"name":"wp","href":"https:\/\/api.w.org\/{rel}","templated":true}]}}