{"id":1041,"date":"2021-09-25T17:05:16","date_gmt":"2021-09-25T15:05:16","guid":{"rendered":"https:\/\/www.bellabianca.at\/members\/?page_id=1041"},"modified":"2023-10-26T20:47:35","modified_gmt":"2023-10-26T18:47:35","slug":"digitale-kalender","status":"publish","type":"page","link":"https:\/\/www.bellabianca.at\/members\/digitale-kalender\/","title":{"rendered":"Digitale Kalender"},"content":{"rendered":"\t\t<div data-elementor-type=\"wp-page\" data-elementor-id=\"1041\" class=\"elementor elementor-1041\" data-elementor-post-type=\"page\">\n\t\t\t\t\t\t<section class=\"elementor-section elementor-top-section elementor-element elementor-element-005f55b elementor-section-boxed elementor-section-height-default elementor-section-height-default\" data-id=\"005f55b\" data-element_type=\"section\" data-e-type=\"section\">\n\t\t\t\t\t\t<div class=\"elementor-container elementor-column-gap-default\">\n\t\t\t\t\t<div class=\"elementor-column elementor-col-100 elementor-top-column elementor-element elementor-element-ca61691\" data-id=\"ca61691\" data-element_type=\"column\" data-e-type=\"column\">\n\t\t\t<div class=\"elementor-widget-wrap elementor-element-populated\">\n\t\t\t\t\t\t<div class=\"elementor-element elementor-element-5840af2 elementor-widget elementor-widget-heading\" data-id=\"5840af2\" data-element_type=\"widget\" data-e-type=\"widget\" data-widget_type=\"heading.default\">\n\t\t\t\t<div class=\"elementor-widget-container\">\n\t\t\t\t\t<h2 class=\"elementor-heading-title elementor-size-default\">Digitale Kalender<\/h2>\t\t\t\t<\/div>\n\t\t\t\t<\/div>\n\t\t\t\t\t<\/div>\n\t\t<\/div>\n\t\t\t\t\t<\/div>\n\t\t<\/section>\n\t\t\t\t<section class=\"elementor-section elementor-top-section elementor-element elementor-element-020fae9 elementor-section-boxed elementor-section-height-default elementor-section-height-default\" data-id=\"020fae9\" data-element_type=\"section\" data-e-type=\"section\">\n\t\t\t\t\t\t<div class=\"elementor-container elementor-column-gap-default\">\n\t\t\t\t\t<div class=\"elementor-column elementor-col-100 elementor-top-column elementor-element elementor-element-bdf540b\" data-id=\"bdf540b\" data-element_type=\"column\" data-e-type=\"column\">\n\t\t\t<div class=\"elementor-widget-wrap elementor-element-populated\">\n\t\t\t\t\t\t<div class=\"elementor-element elementor-element-a3c5a43 elementor-widget-divider--view-line elementor-widget elementor-widget-divider\" data-id=\"a3c5a43\" data-element_type=\"widget\" data-e-type=\"widget\" data-widget_type=\"divider.default\">\n\t\t\t\t<div class=\"elementor-widget-container\">\n\t\t\t\t\t\t\t<div class=\"elementor-divider\">\n\t\t\t<span class=\"elementor-divider-separator\">\n\t\t\t\t\t\t<\/span>\n\t\t<\/div>\n\t\t\t\t\t\t<\/div>\n\t\t\t\t<\/div>\n\t\t\t\t\t<\/div>\n\t\t<\/div>\n\t\t\t\t\t<\/div>\n\t\t<\/section>\n\t\t\t\t<section class=\"elementor-section elementor-top-section elementor-element elementor-element-399baf5 elementor-section-boxed elementor-section-height-default elementor-section-height-default\" data-id=\"399baf5\" data-element_type=\"section\" data-e-type=\"section\">\n\t\t\t\t\t\t<div class=\"elementor-container elementor-column-gap-default\">\n\t\t\t\t\t<div class=\"elementor-column elementor-col-100 elementor-top-column elementor-element elementor-element-b3c7f7a\" data-id=\"b3c7f7a\" data-element_type=\"column\" data-e-type=\"column\">\n\t\t\t<div class=\"elementor-widget-wrap elementor-element-populated\">\n\t\t\t\t\t\t<div class=\"elementor-element elementor-element-97fbf83 elementor-widget elementor-widget-text-editor\" data-id=\"97fbf83\" data-element_type=\"widget\" data-e-type=\"widget\" data-widget_type=\"text-editor.default\">\n\t\t\t\t<div class=\"elementor-widget-container\">\n\t\t\t\t\t\t\t\t\t<p style=\"text-align: center;\"><b style=\"color: var( --e-global-color-secondary ); letter-spacing: 0px;\">VIP-KALENDER<\/b><span style=\"color: var( --e-global-color-secondary ); letter-spacing: 0px;\"> &#8211; jeden Tag <\/span><strong style=\"color: var( --e-global-color-secondary ); letter-spacing: 0px;\">pers\u00f6nliche Selfies<\/strong><span style=\"color: var( --e-global-color-secondary ); letter-spacing: 0px;\"> oder auch immer wieder <\/span><strong style=\"color: var( --e-global-color-secondary ); letter-spacing: 0px;\">kurze Videos<\/strong><span style=\"color: var( --e-global-color-secondary ); letter-spacing: 0px;\"> \ud83d\ude42 &#8211; hier gibt es <\/span><b style=\"color: var( --e-global-color-secondary ); letter-spacing: 0px;\">mehr als 1.000 Bilder<\/b><span style=\"color: var( --e-global-color-secondary ); letter-spacing: 0px;\"> speziell f\u00fcr Dich &#8211; <\/span><b style=\"color: var( --e-global-color-secondary ); letter-spacing: 0px;\">LIMITIERT !!!<\/b><\/p>\t\t\t\t\t\t\t\t<\/div>\n\t\t\t\t<\/div>\n\t\t\t\t\t<\/div>\n\t\t<\/div>\n\t\t\t\t\t<\/div>\n\t\t<\/section>\n\t\t\t\t<section class=\"elementor-section elementor-top-section elementor-element elementor-element-b874439 elementor-section-boxed elementor-section-height-default elementor-section-height-default\" data-id=\"b874439\" data-element_type=\"section\" data-e-type=\"section\">\n\t\t\t\t\t\t<div class=\"elementor-container elementor-column-gap-default\">\n\t\t\t\t\t<div class=\"elementor-column elementor-col-100 elementor-top-column elementor-element elementor-element-150ca2d\" data-id=\"150ca2d\" data-element_type=\"column\" data-e-type=\"column\">\n\t\t\t<div class=\"elementor-widget-wrap elementor-element-populated\">\n\t\t\t\t\t\t<div class=\"elementor-element elementor-element-f6b064b elementor-widget-divider--view-line elementor-widget elementor-widget-divider\" data-id=\"f6b064b\" data-element_type=\"widget\" data-e-type=\"widget\" data-widget_type=\"divider.default\">\n\t\t\t\t<div class=\"elementor-widget-container\">\n\t\t\t\t\t\t\t<div class=\"elementor-divider\">\n\t\t\t<span class=\"elementor-divider-separator\">\n\t\t\t\t\t\t<\/span>\n\t\t<\/div>\n\t\t\t\t\t\t<\/div>\n\t\t\t\t<\/div>\n\t\t\t\t\t<\/div>\n\t\t<\/div>\n\t\t\t\t\t<\/div>\n\t\t<\/section>\n\t\t\t\t<section class=\"elementor-section elementor-top-section elementor-element elementor-element-866247a elementor-section-boxed elementor-section-height-default elementor-section-height-default\" data-id=\"866247a\" data-element_type=\"section\" data-e-type=\"section\">\n\t\t\t\t\t\t<div class=\"elementor-container elementor-column-gap-default\">\n\t\t\t\t\t<div class=\"elementor-column elementor-col-100 elementor-top-column elementor-element elementor-element-1180874\" data-id=\"1180874\" data-element_type=\"column\" data-e-type=\"column\">\n\t\t\t<div class=\"elementor-widget-wrap elementor-element-populated\">\n\t\t\t\t\t\t<div class=\"elementor-element elementor-element-7d2f5bd elementor-widget elementor-widget-text-editor\" data-id=\"7d2f5bd\" data-element_type=\"widget\" data-e-type=\"widget\" data-widget_type=\"text-editor.default\">\n\t\t\t\t<div class=\"elementor-widget-container\">\n\t\t\t\t\t\t\t\t\t<p style=\"text-align: center;\"><div class=\"ptsTableFrontedShell\">\r\n\t<!-- Style to display all tables correct-->\r\n\t<!-- this block will be remove in frontend.tables.editor.block.base after init -->\r\n\t<div class=\"ptsPreDisplayStyle\">\r\n\t\t<style>\r\n\t\t\t.ptsBlock {\r\n\t\t\t\topacity: 0;\r\n\t\t\t\tvisibility: hidden;\r\n\t\t\t}\r\n\t\t<\/style>\r\n\t<\/div>\r\n\t<div id=\"ptsBlock_48783\" data-original-id=\"1\" class=\"ptsBlock \" data-id=\"17\">\n\t\t\t<style type=\"text\/css\" class=\"ptsBlockStyle\">#ptsBlock_48783 {  width:100%;}\n#ptsBlock_48783 .ptsCol {  \t\twidth:33.333333333333%;  \n  padding: 0 10px;\n}\n#ptsBlock_48783 .ptsCol .ptsTableElementContent .ptsRows {\n \tbackground-color:#f5f5f5;\n}\n#ptsBlock_48783 .ptsCol .ptsColHeader {\n\tpadding: 15px;\n}\n#ptsBlock_48783 .ptsCol .ptsColDesc {\n\tpadding: 30px 15px;\n}\n#ptsBlock_48783 .ptsCol .ptsRows {\n  \tborder: 1px solid#d2d2d2;\n  \tborder-top-width: 0;\n  \tborder-bottom-width: 0;\n}\n#ptsBlock_48783 .ptsCol .ptsRows .ptsCell {\n\tpadding: 12px;\n  \tborder-bottom: 1px solid#d2d2d2;\n  \tborder-top: 1px solid #fff;\n}\n#ptsBlock_48783 .ptsCol ptsRows .ptsCell:last-of-type {\n\tborder-bottom: none;\n}\n#ptsBlock_48783 .ptsCol .ptsColFooter {\n\tpadding: 20px;\n  \tborder: 1px solid#d2d2d2;\n  \tbackground-image: linear-gradient(to bottom,#ffffff,#e1e1e1);\n}\n#ptsBlock_48783 .ptsCol .ptsActBtn {\n\twidth: 100%;\n  \tborder-radius: 3px;\n  \tcursor: pointer;\n}\n#ptsBlock_48783 .ptsCol .ptsActBtn .ptsEditArea {\n\tfont-size: 1.4em;\n  \twidth: 100%;\n  \tpadding: 10px 0;\n  \ttext-decoration: none !important;\n  \tborder: none !important;\n}\n#ptsBlock_48783 .ptsTableDescCol {  \tdisplay: none;}\n#ptsBlock_48783 .ptsCol.ptsTableDescCol .ptsColHeader,\n#ptsBlock_48783 .ptsCol.ptsTableDescCol .ptsColDesc,\n#ptsBlock_48783 .ptsCol.ptsTableDescCol .ptsColFooter {\n\tvisibility: hidden;\n}\n#ptsBlock_48783 p {\n\tmargin: 0;\n}\n\/*Animations*\/\n#ptsBlock_48783 .ptsCol .ptsTableElementContent,\n#ptsBlock_48783 .ptsCol .ptsTableElementContent span {\n\ttransition: box-shadow 0.3s ease, margin 0.3s ease, font 0.3s ease;\n  \t-webkit-transition: box-shadow 0.3s ease, margin 0.3s ease, font 0.3s ease;\n    -moz-transition: box-shadow 0.3s ease, margin 0.3s ease, font 0.3s ease;\n    -ms-transition: box-shadow 0.3s ease, margin 0.3s ease, font 0.3s ease;\n    -o-transition: box-shadow 0.3s ease, margin 0.3s ease, font 0.3s ease;\n}\n#ptsBlock_48783 .ptsCol.hover .ptsTableElementContent {\n\tz-index: 101;\n  \tbox-shadow: 0 0 10px rgba(0, 0, 0, 0.5);\n  \t-webkit-box-shadow: 0 0 10px rgba(0, 0, 0, 0.5);\n\t-moz-box-shadow: 0 0 10px rgba(0, 0, 0, 0.5);\n\tmargin-top: -20px;\n}\n#ptsBlock_48783 .ptsCol .ptsActBtn:hover {\n\tbackground-color:#d2d2d2;\n}#ptsBlock_48783 span, #ptsBlock_48783 p {\n\tword-break: break-word;\n}\n\/*Colors set*\/\n#ptsBlock_48783 .ptsCol .ptsColHeader {\n  \tcolor:#fff;\n}\n#ptsBlock_48783 .ptsCol .ptsColDesc {\n  \tcolor:#fff;\n}\n#ptsBlock_48783 .ptsCol .ptsRows {\n  \tcolor:#666;\n}\n\n\/*start for col color 1*\/\n#ptsBlock_48783 .ptsCol-1 .ptsColHeader {\n\tbackground-color: #3399ff;\n}\n#ptsBlock_48783 .ptsCol-1 .ptsColDesc,\n#ptsBlock_48783 .ptsCol-1 .ptsActBtn:hover {\n\tbackground-color: #1076dc;\n}\n#ptsBlock_48783 .ptsCol-1 .ptsActBtn {\n\tbackground-color: #3399ff;\n}\n\/*end for col color 1*\/\/*start for col color 2*\/\n#ptsBlock_48783 .ptsCol-2 .ptsColHeader {\n\tbackground-color: #93c230;\n}\n#ptsBlock_48783 .ptsCol-2 .ptsColDesc,\n#ptsBlock_48783 .ptsCol-2 .ptsActBtn:hover {\n\tbackground-color: #709f0d;\n}\n#ptsBlock_48783 .ptsCol-2 .ptsActBtn {\n\tbackground-color: #93c230;\n}\n\/*end for col color 2*\/\/*start for col color 3*\/\n#ptsBlock_48783 .ptsCol-3 .ptsColHeader {\n\tbackground-color: #ffae35;\n}\n#ptsBlock_48783 .ptsCol-3 .ptsColDesc,\n#ptsBlock_48783 .ptsCol-3 .ptsActBtn:hover {\n\tbackground-color: #dc8b12;\n}\n#ptsBlock_48783 .ptsCol-3 .ptsActBtn {\n\tbackground-color: #ffae35;\n}\n\/*end for col color 3*\/\/*start for col color 4*\/\n#ptsBlock_48783 .ptsCol-4 .ptsColHeader {\n\tbackground-color: #f03d00;\n}\n#ptsBlock_48783 .ptsCol-4 .ptsColDesc,\n#ptsBlock_48783 .ptsCol-4 .ptsActBtn:hover {\n\tbackground-color: #cd1a00;\n}\n#ptsBlock_48783 .ptsCol-4 .ptsActBtn {\n\tbackground-color: #f03d00;\n}\n\/*end for col color 4*\/\/*start for col color 5*\/\n#ptsBlock_48783 .ptsCol-5 .ptsColHeader {\n\tbackground-color: #f03d00;\n}\n#ptsBlock_48783 .ptsCol-5 .ptsColDesc,\n#ptsBlock_48783 .ptsCol-5 .ptsActBtn:hover {\n\tbackground-color: #cd1a00;\n}\n#ptsBlock_48783 .ptsCol-5 .ptsActBtn {\n\tbackground-color: #f03d00;\n}\n\/*end for col color 5*\/<\/style>\n\t\t\t\t<div class=\"ptsBlockContent\"><div class=\"ptsContainer\">\t<div class=\"ptsColsWrapper ui-sortable\">\t\t\t\t<div class=\"ptsEl ptsCol ptsCol-0 ptsTableDescCol ptsElWithArea\" data-el=\"table_col_desc\" data-color=\"#f5f5f5\" style=\"min-height: auto;width: 100%\">\t\t\t<div class=\"ptsTableElementContent ptsElArea\">\t\t\t\t<div class=\"ptsColHeader ptsShow\" style=\"height: 60px\">\t\t\t\t\t<div class=\"ptsTog\">\t\t\t\t\t\t<div data-icon=\"fa-pencil\" data-type=\"icon\" data-el=\"table_cell_icon\" class=\"ptsIcon ptsEl ptsElInput\"><i class=\"fa fa-2x ptsInputShell fa-pencil\"><\/i><\/div>\t\t\t\t\t<\/div>\t\t\t\t<\/div>\t\t\t\t<div class=\"ptsColDesc ptsShow\" style=\"height: 114px\">\t\t\t\t\t<div class=\"ptsTog\">\t\t\t\t\t\t<div class=\"ptsEl\" data-el=\"table_cell_txt\" data-type=\"txt\"><p><span data-mce-style=\"\"> PLAN &#8211; PRICE <\/span><\/p><\/div>\t\t\t\t\t<\/div>\t\t\t\t<\/div>\t\t\t\t<div class=\"ptsRows ui-sortable\" style=\"height: auto\">\t\t\t\t\t<div class=\"ptsCell\" style=\"height: 214px\">\t\t\t\t\t\t<div class=\"ptsEl\" data-el=\"table_cell_txt\" data-type=\"txt\"><p><span data-mce-style=\"\">Description<\/span><\/p><\/div>\t\t\t\t\t<\/div>\t\t\t\t\t<div class=\"ptsCell\" style=\"height: 46px\">\n\t<div class=\"ptsTog\">\n\t\t<div class=\"ptsEl\" data-el=\"table_cell_txt\" data-type=\"txt\"><p><span data-mce-style=\"\">text<\/span><\/p><\/div>\n\t<\/div>\n<\/div>\t\t\t\t\t<div class=\"ptsCell\" style=\"height: 81px\">\n\t<div class=\"ptsTog\">\n\t\t<div class=\"ptsEl\" data-el=\"table_cell_txt\" data-type=\"txt\"><p><span data-mce-style=\"\">text<\/span><\/p><\/div>\n\t<\/div>\n<\/div>\t\t\t\t\t\t\t\t\t\t\t\t\t\t\t\t\t\t\t\t\t\t\t\t<div class=\"ptsCell\" style=\"height: 63px\">\n\t<div class=\"ptsTog\">\n\t\t<div class=\"ptsEl\" data-el=\"table_cell_txt\" data-type=\"txt\"><p><span style=\"font-size: 12pt\" data-mce-style=\"font-size: 12pt;\">Your Text<\/span><\/p><\/div>\n\t<\/div>\n<\/div><\/div>\t\t\t\t<div class=\"ptsColFooter ptsHide\" style=\"height: 0px\">\t\t\t\t\t<div class=\"ptsTog\">\t\t\t\t\t\t<div class=\"ptsActBtnWp\">\t\t\t\t\t\t\t<div class=\"ptsActBtn ptsEl ptsElInput\" data-el=\"btn\" data-bgcolor-elements=\"a\" data-bgcolor-to=\"bg\">\t\t\t\t\t\t\t\t<a target=\"_blank\" href=\"#\" class=\"ptsEditArea ptsInputShell\" style=\"font-size: 12px;background-color: #333\">READ MORE<\/a>\t\t\t\t\t\t\t<\/div>\t\t\t\t\t\t<\/div>\t\t\t\t\t<\/div>\t\t\t\t\t<div class=\"ptsTog\">\t\t\t\t\t\t<div class=\"ptsActBtnWp\">\t\t\t\t\t\t\t<div class=\"ptsActBtn ptsEl ptsElInput\" data-el=\"btn\" data-bgcolor-elements=\"a\" data-bgcolor-to=\"bg\">\t\t\t\t\t\t\t\t<a target=\"_blank\" href=\"#\" class=\"ptsEditArea ptsInputShell\" style=\"font-size: 14px;background-color: #333\">BUY NOW<\/a>\t\t\t\t\t\t\t<\/div>\t\t\t\t\t\t<\/div>\t\t\t\t\t<\/div>\t\t\t\t<\/div>\t\t\t<\/div>\t\t<\/div>\t\t\t\t\t\t\t\t\t\t\t<div class=\"ptsEl ptsCol ptsElWithArea ptsCol-3\" data-color=\"#f03d00\" data-el=\"table_col\" data-enb-color=\"1\" style=\"min-height: auto;width: 100%\" data-badge-badge_name=\"VIP ONLY\" data-badge-badge_bg_color=\"#ff0000ff\" data-badge-badge_txt_color=\"#ffffffff\" data-badge-badge_pos=\"right-top\" data-enb-badge=\"1\">\t\t\t<div class=\"ptsTableElementContent ptsElArea\">\t\t\t\t<div class=\"ptsColHeader ptsToggle ptsShow\" style=\"height: 60px\">\t\t\t\t\t<div class=\"ptsTog\">\t\t\t\t\t\t<div data-icon=\"fa-calendar\" data-type=\"icon\" data-el=\"table_cell_icon\" class=\"ptsIcon ptsEl ptsElInput\"><i class=\"fa fa-2x ptsInputShell fa-calendar\"><\/i><\/div>\t\t\t\t\t<\/div>\t\t\t\t<\/div>\t\t\t\t<div class=\"ptsColDesc ptsToggle ptsShow\" style=\"height: 114px\">\t\t\t\t\t<div class=\"ptsTog\">\t\t\t\t\t\t<div class=\"ptsEl\" data-el=\"table_cell_txt\" data-type=\"txt\"><p style=\"text-align: center\" data-mce-style=\"text-align: center;\"><span data-mce-style=\"\">Digitaler Kalender<\/span><\/p><p style=\"text-align: center\" data-mce-style=\"text-align: center;\"><span style=\"font-weight: 600\" data-mce-style=\"font-weight: 600;\">\\&#8220;Strumpfhosen\\&#8220;<\/span><\/p><p style=\"text-align: center\" data-mce-style=\"text-align: center;\"><span style=\"font-weight: 600\" data-mce-style=\"font-weight: 600;\">VIP-KALENDER<\/span><\/p><\/div>\t\t\t\t\t<\/div>\t\t\t\t<\/div>\t\t\t\t<div class=\"ptsRows ptsToggle ui-sortable\" style=\"height: auto\">\t\t\t\t\t<div class=\"ptsCell\" style=\"height: 214px\">\t\t\t\t\t\t<div class=\"ptsTog\">\t\t\t\t\t\t\t<div class=\"ptsEl\" data-el=\"table_cell_txt\" data-type=\"txt\"><p style=\"text-align: center\" data-mce-style=\"text-align: center;\"><span data-mce-style=\"\"><strong>Jeden Tag<\/strong><span style=\"font-weight: 600\" data-mce-style=\"font-weight: 600;\"><strong>&nbsp;3-5 Selfies<\/strong><\/span><\/span><\/p><p style=\"text-align: center\" data-mce-style=\"text-align: center;\"><span data-mce-style=\"\">f\u00fcr Dich&nbsp;<\/span><\/p><p style=\"text-align: center\" data-mce-style=\"text-align: center;\"><span data-mce-style=\"\"> in <strong>Strumpfhosen<\/strong><\/span><\/p><p style=\"text-align: center\" data-mce-style=\"text-align: center;\"><span data-mce-style=\"\"><strong><br><\/strong><\/span><\/p><p style=\"text-align: center\" data-mce-style=\"text-align: center;\"><span data-mce-style=\"\"><span style=\"font-weight: 600;text-align: center\" data-mce-style=\"font-weight: 600; text-align: center;\">&#8212; Beginnend ab Bestellung &#8212;<\/span><strong><br><\/strong><\/span><\/p><p style=\"text-align: center\" data-mce-style=\"text-align: center;\"><span data-mce-style=\"\"><br><\/span><\/p><p style=\"text-align: center\" data-mce-style=\"text-align: center;\"><span data-mce-style=\"\"><span style=\"text-align: center\" data-mce-style=\"text-align: center;\">Du erh\u00e4ltst nach der Bestellung eine Email von mir f\u00fcr n\u00e4here Details und den Zugang auf den entsprechenden <strong>\\&#8220;Members Only\\&#8220;<\/strong> Bereich<\/span><\/span><\/p><p style=\"text-align: center\" data-mce-style=\"text-align: center;\"><span data-mce-style=\"\"><span style=\"text-align: center\" data-mce-style=\"text-align: center;\"><br><\/span><\/span><\/p><p style=\"text-align: center\" data-mce-style=\"text-align: center;\"><span style=\"font-size: 12pt;color: #ff0000\" data-mce-style=\"font-size: 12pt; color: #ff0000;\"><strong><span style=\"text-align: center\" data-mce-style=\"text-align: center;\">mit PROBE-ABO (10 Tage)<\/span><\/strong><\/span><\/p><p style=\"text-align: center\" data-mce-style=\"text-align: center;\"><span style=\"font-size: 12pt;color: #ff0000\" data-mce-style=\"font-size: 12pt; color: #ff0000;\"><strong><span style=\"text-align: center\" data-mce-style=\"text-align: center;\">\u20ac 100,00<\/span><\/strong><\/span><\/p><\/div>\t\t\t\t\t\t<\/div>\t\t\t\t\t<\/div>\t\t\t\t\t<div class=\"ptsCell\" style=\"height: 46px\">\n\t<div class=\"ptsTog\">\n\t\t<div class=\"ptsEl\" data-el=\"table_cell_txt\" data-type=\"txt\"><p><span style=\"font-weight: 600;text-align: center\" data-mce-style=\"font-weight: 600; text-align: center;\">1.000+&nbsp;Bilder<\/span><br><\/p><\/div>\n\t<\/div>\n<\/div>\t\t\t\t\t<div class=\"ptsCell\" style=\"height: 81px\">\n\t<div class=\"ptsTog\">\n\t\t<div class=\"ptsEl\" data-el=\"table_cell_txt\" data-type=\"txt\"><p><span style=\"color: #ff0000;font-size: 12pt;font-weight: 600;text-align: center\" data-mce-style=\"color: #ff0000; font-size: 12pt; font-weight: 600; text-align: center;\">danach<\/span><\/p><p><span style=\"color: #ff0000;font-size: 24px;font-weight: 600;text-align: center\" data-mce-style=\"color: #ff0000; font-size: 24px; font-weight: 600; text-align: center;\">\u20ac&nbsp;299,00 \/ Monat<\/span><br><\/p><\/div>\n\t<\/div>\n<\/div>\t\t\t\t\t\t\t\t\t\t\t\t\t\t\t\t\t\t\t\t\t\t\t\t<div class=\"ptsCell\" style=\"height: 63px\">\n\t<div class=\"ptsTog\">\n\t\t<div class=\"ptsActBtn ptsEl ptsElInput\" data-el=\"btn\" data-bgcolor-elements=\"a\" data-bgcolor-to=\"bg\">\t\t\t\t\t\t\t\t<a target=\"_blank\" href=\"https:\/\/www.bellabianca.at\/members\/kontodaten\/checkout\/?level=30\" class=\"ptsEditArea ptsInputShell\" style=\"font-size: 12px;background-color: #333\">JETZT BESTELLEN<\/a>\t\t\t\t\t\t\t<\/div>\n\t<\/div>\n<\/div><\/div>\t\t\t\t<div class=\"ptsColFooter ptsToggle ptsHide\" style=\"height: 0px\">\t\t\t\t\t<div class=\"ptsTog\">\t\t\t\t\t\t<div class=\"ptsActBtnWp\">\t\t\t\t\t\t\t\t\t\t\t\t\t<\/div>\t\t\t\t\t<\/div>\t\t\t\t\t<div class=\"ptsTog\">\t\t\t\t\t\t<div class=\"ptsActBtnWp\">\t\t\t\t\t\t\t<div class=\"ptsActBtn ptsEl ptsElInput\" data-el=\"btn\" data-bgcolor-elements=\"a\" data-bgcolor-to=\"bg\">\t\t\t\t\t\t\t\t<a target=\"_blank\" href=\"https:\/\/www.bellabianca.at\/members\/kontodaten\/checkout\/?level=30\" class=\"ptsEditArea ptsInputShell\" style=\"font-size: 14px;background-color: #333\"><\/a><a target=\"_blank\" href=\"https:\/\/www.bellabianca.at\/members\/kontodaten\/checkout\/?level=30\" class=\"ptsEditArea ptsInputShell\" style=\"text-align: center;font-size: 14px;width: 252.422px\">BESTELLEN<\/a>\t\t\t\t\t\t\t<\/div>\t\t\t\t\t\t<\/div>\t\t\t\t\t<\/div>\t\t\t\t<\/div>\t\t\t<div class=\"ptsColBadge ptsColBadge-right-top\" style=\"right: 0px;top: 0px;width: 135.234px;height: 135.234px\"><div class=\"ptsColBadgeContent\" style=\"width: 155.234px;display: block;font-size: 15px;line-height: normal;position: absolute;top: 21.5994px;right: -24.8046px;color:#ffffffff;background-color:#ff0000ff\">VIP ONLY<\/div><\/div><\/div>\t\t<\/div><\/div>\t<div style=\"clear: both\"><\/div><\/div><\/div>\n\t\t<a title=\"Pricing Table Plugin\" style=\"display:none;\" href=\"https:\/\/supsystic.com\/plugins\/pricing-tables\/?utm_medium=love_link_hide\" target=\"_blank\">Pricing Table Plugin<\/a><div style=\"clear: both;\"><\/div><\/div>\n<\/div>\r\n<\/p>\t\t\t\t\t\t\t\t<\/div>\n\t\t\t\t<\/div>\n\t\t\t\t\t<\/div>\n\t\t<\/div>\n\t\t\t\t\t<\/div>\n\t\t<\/section>\n\t\t\t\t<\/div>\n\t\t","protected":false},"excerpt":{"rendered":"<p>Digitale Kalender VIP-KALENDER &#8211; jeden Tag pers\u00f6nliche Selfies oder auch immer wieder kurze Videos \ud83d\ude42 &#8211; hier gibt es mehr&hellip;<\/p>\n","protected":false},"author":1,"featured_media":0,"parent":0,"menu_order":0,"comment_status":"closed","ping_status":"closed","template":"","meta":{"pmpro_default_level":"","footnotes":""},"class_list":["post-1041","page","type-page","status-publish","hentry","pmpro-has-access"],"_links":{"self":[{"href":"https:\/\/www.bellabianca.at\/members\/wp-json\/wp\/v2\/pages\/1041","targetHints":{"allow":["GET"]}}],"collection":[{"href":"https:\/\/www.bellabianca.at\/members\/wp-json\/wp\/v2\/pages"}],"about":[{"href":"https:\/\/www.bellabianca.at\/members\/wp-json\/wp\/v2\/types\/page"}],"author":[{"embeddable":true,"href":"https:\/\/www.bellabianca.at\/members\/wp-json\/wp\/v2\/users\/1"}],"replies":[{"embeddable":true,"href":"https:\/\/www.bellabianca.at\/members\/wp-json\/wp\/v2\/comments?post=1041"}],"version-history":[{"count":41,"href":"https:\/\/www.bellabianca.at\/members\/wp-json\/wp\/v2\/pages\/1041\/revisions"}],"predecessor-version":[{"id":4520,"href":"https:\/\/www.bellabianca.at\/members\/wp-json\/wp\/v2\/pages\/1041\/revisions\/4520"}],"wp:attachment":[{"href":"https:\/\/www.bellabianca.at\/members\/wp-json\/wp\/v2\/media?parent=1041"}],"curies":[{"name":"wp","href":"https:\/\/api.w.org\/{rel}","templated":true}]}}